{"id":866,"date":"2022-11-14T12:06:33","date_gmt":"2022-11-14T12:06:33","guid":{"rendered":"https:\/\/elearning.vr-in-he.eu\/home\/"},"modified":"2023-11-03T18:28:17","modified_gmt":"2023-11-03T18:28:17","slug":"home","status":"publish","type":"page","link":"https:\/\/elearning.vr-in-he.eu\/lv\/","title":{"rendered":"Home"},"content":{"rendered":"<h1>Iintegr\u0113\u0161an<br \/>Virtu\u0101l\u0101s un papildin\u0101t\u0101s realit\u0101tes<br \/><strong>augst\u0101k\u0101s izgl\u012bt\u012bbas m\u0101c\u012bbu programm\u0101s<\/strong><\/h1>\n<div>\n<p>L\u016bdzu <a href=\"#login\">Ien\u0101kt<\/a> vai <a href=\"\/lv\/registration\/\">izveidojiet jaunu kontu<\/a> lai piek\u013c\u016btu saturam.<\/p>\n<\/div>\n<ul>\n<li>\n<p>        <img decoding=\"async\" src=\"\/wp-content\/uploads\/2023\/09\/course-toolkit.png\" alt=\"\"><\/p>\n<h4>Instrumenti<\/h4>\n<p><a href=\"https:\/\/www.vr-in-he.eu\/result-1\/\"><\/a><\/p>\n<\/li>\n<li>\n<\/li>\n<\/ul>\n<ul>\n<li>\n<p>        <img decoding=\"async\" src=\"\/wp-content\/uploads\/2023\/09\/course-toolkit.png\" alt=\"\"><\/p>\n<h4>Instrumenti<\/h4>\n<p><a href=\"https:\/\/www.vr-in-he.eu\/result-1\/\"><\/a><\/p>\n<\/li>\n<li>\n<\/li>\n<\/ul>\n<p><!--more--><br \/>\n<!-- {\"type\":\"layout\",\"children\":[{\"type\":\"section\",\"props\":{\"animation\":\"slide-bottom-small\",\"animation_delay\":\"150\",\"css\":\".el-section{\\n    background-color: #1a73a2;\\n\\n}\",\"header_transparent_noplaceholder\":true,\"height\":\"expand\",\"image\":\"\",\"image_position\":\"bottom-right\",\"style\":\"default\",\"title_breakpoint\":\"xl\",\"title_position\":\"top-left\",\"title_rotation\":\"left\",\"vertical_align\":\"middle\",\"width\":\"default\"},\"children\":[{\"type\":\"row\",\"children\":[{\"type\":\"column\",\"props\":{\"image_position\":\"center-center\",\"media_overlay_gradient\":\"\",\"position_sticky_breakpoint\":\"m\"},\"children\":[{\"type\":\"headline\",\"props\":{\"content\":\"Iintegr\\u0113\\u0161an<br \\\/>Virtu\\u0101l\\u0101s un papildin\\u0101t\\u0101s realit\\u0101tes<br \\\/><strong>augst\\u0101k\\u0101s izgl\\u012bt\\u012bbas m\\u0101c\\u012bbu programm\\u0101s<\\\/strong>\",\"css\":\".el-element{\\n\\tcolor: #bbdced;\\n    \\\/\\\/font-weight: 600;\\n    font-size: 36px;\\n}\",\"title_element\":\"h1\"}},{\"type\":\"text\",\"props\":{\"class\":\"visible_to_logged_out\",\"column_breakpoint\":\"m\",\"content\":\"\n\n<p>L\\u016bdzu <a href=\\\"#login\\\">Ien\\u0101kt<\\\/a> vai <a href=\\\"\\\/lv\\\/registration\\\/\\\">izveidojiet jaunu kontu<\\\/a> lai piek\\u013c\\u016btu saturam.<\\\/p>\",\"css\":\".el-element{\\n\\tcolor: #fff;\\n    font-style: italic;\\n}\\n.el-element a{\\n\\tcolor: #fff;\\n    text-decoration: underline;\\n}\",\"margin\":\"default\"}}]}]},{\"type\":\"row\",\"children\":[{\"type\":\"column\",\"props\":{\"image_position\":\"center-center\",\"media_overlay_gradient\":\"\",\"position_sticky_breakpoint\":\"m\"},\"children\":[{\"type\":\"grid\",\"props\":{\"animation\":\"slide-bottom-small\",\"class\":\"visible_to_logged_out\",\"content_column_breakpoint\":\"m\",\"css\":\".el-title{\\n\\tcolor: #fff;\\n    max-width: 40%;\\n    margin: 0 auto;\\n    text-align: center;\\n    z-index: 99;\\n    position: relative;\\n    background-color: #ce181e;\\n    padding: 10px 5px;\\n    top: -50px;\\n    font-weight: 600;\\n}\\n.el-item{\\n\\ttop: 0;\\n    transition: all .3s;\\n}\\n\\n.el-item:hover{\\n\\ttop: -7px;\\n}\",\"filter_align\":\"left\",\"filter_all\":true,\"filter_grid_breakpoint\":\"m\",\"filter_grid_width\":\"auto\",\"filter_position\":\"top\",\"filter_style\":\"tab\",\"grid_default\":\"1\",\"grid_medium\":\"2\",\"grid_row_gap\":\"large\",\"grid_small\":\"2\",\"icon_width\":80,\"image_align\":\"top\",\"image_grid_breakpoint\":\"m\",\"image_grid_width\":\"1-2\",\"image_svg_color\":\"emphasis\",\"item_animation\":true,\"link_style\":\"default\",\"link_text\":\"\",\"margin\":\"default\",\"meta_align\":\"below-title\",\"meta_element\":\"div\",\"meta_style\":\"text-meta\",\"panel_link\":true,\"show_content\":true,\"show_image\":true,\"show_link\":true,\"show_meta\":true,\"show_title\":true,\"text_align\":\"center\",\"title_align\":\"top\",\"title_element\":\"h4\",\"title_grid_breakpoint\":\"m\",\"title_grid_width\":\"1-2\",\"title_hover_style\":\"reset\"},\"children\":[{\"type\":\"grid_item\",\"props\":{\"image\":\"wp-content\\\/uploads\\\/2023\\\/09\\\/course-toolkit.png\",\"link\":\"https:\\\/\\\/www.vr-in-he.eu\\\/result-1\\\/\",\"title\":\"Instrumenti\"}},{\"type\":\"grid_item\",\"source\":{\"query\":{\"name\":\"sfwdCoursess.customSfwdCoursess\",\"arguments\":{\"terms\":[],\"ld_course_category_operator\":\"IN\",\"ld_course_tag_operator\":\"IN\",\"users\":[],\"users_operator\":\"IN\",\"offset\":0,\"limit\":2,\"order\":\"date\",\"order_direction\":\"ASC\"}},\"props\":{\"title\":{\"filters\":{\"search\":\"\"},\"name\":\"title\"},\"image\":{\"filters\":{\"search\":\"\"},\"name\":\"featuredImage.url\"},\"image_alt\":{\"filters\":{\"search\":\"\"},\"name\":\"title\"}}}}]},{\"type\":\"grid\",\"props\":{\"animation\":\"slide-bottom-small\",\"class\":\"visible_to_logged_in\",\"content_column_breakpoint\":\"m\",\"css\":\".el-title{\\n\\tcolor: #fff;\\n    max-width: 40%;\\n    margin: 0 auto;\\n    text-align: center;\\n    z-index: 99;\\n    position: relative;\\n    background-color: #ce181e;\\n    padding: 10px 5px;\\n    top: -50px;\\n    font-weight: 600;\\n}\\n.el-item{\\n\\ttop: 0;\\n    transition: all .3s;\\n}\\n\\n.el-item:hover{\\n\\ttop: -7px;\\n}\",\"filter_align\":\"left\",\"filter_all\":true,\"filter_grid_breakpoint\":\"m\",\"filter_grid_width\":\"auto\",\"filter_position\":\"top\",\"filter_style\":\"tab\",\"grid_default\":\"1\",\"grid_medium\":\"2\",\"grid_row_gap\":\"large\",\"grid_small\":\"2\",\"icon_width\":80,\"image_align\":\"top\",\"image_grid_breakpoint\":\"m\",\"image_grid_width\":\"1-2\",\"image_svg_color\":\"emphasis\",\"item_animation\":true,\"link_style\":\"default\",\"link_text\":\"\",\"margin\":\"default\",\"meta_align\":\"below-title\",\"meta_element\":\"div\",\"meta_style\":\"text-meta\",\"panel_link\":true,\"show_content\":true,\"show_image\":true,\"show_link\":true,\"show_meta\":true,\"show_title\":true,\"text_align\":\"center\",\"title_align\":\"top\",\"title_element\":\"h4\",\"title_grid_breakpoint\":\"m\",\"title_grid_width\":\"1-2\",\"title_hover_style\":\"reset\"},\"children\":[{\"type\":\"grid_item\",\"props\":{\"image\":\"wp-content\\\/uploads\\\/2023\\\/09\\\/course-toolkit.png\",\"link\":\"https:\\\/\\\/www.vr-in-he.eu\\\/result-1\\\/\",\"title\":\"Instrumenti\"}},{\"type\":\"grid_item\",\"source\":{\"query\":{\"name\":\"sfwdCoursess.customSfwdCoursess\",\"arguments\":{\"terms\":[],\"ld_course_category_operator\":\"IN\",\"ld_course_tag_operator\":\"IN\",\"users\":[],\"users_operator\":\"IN\",\"offset\":0,\"limit\":2,\"order\":\"date\",\"order_direction\":\"ASC\"}},\"props\":{\"title\":{\"filters\":{\"search\":\"\"},\"name\":\"title\"},\"image\":{\"filters\":{\"search\":\"\"},\"name\":\"featuredImage.url\"},\"image_alt\":{\"filters\":{\"search\":\"\"},\"name\":\"title\"},\"link\":{\"filters\":{\"search\":\"\"},\"name\":\"link\"}}}}]}]}]}]}],\"version\":\"3.0.10\"} --><\/p>\n","protected":false},"excerpt":{"rendered":"<p>Iintegr\u0113\u0161anVirtu\u0101l\u0101s un papildin\u0101t\u0101s realit\u0101tesaugst\u0101k\u0101s izgl\u012bt\u012bbas m\u0101c\u012bbu programm\u0101s L\u016bdzu Ien\u0101kt vai izveidojiet jaunu kontu lai piek\u013c\u016btu saturam. Instrumenti Instrumenti<\/p>\n","protected":false},"author":1,"featured_media":0,"parent":0,"menu_order":0,"comment_status":"closed","ping_status":"closed","template":"","meta":{"_acf_changed":false,"_bbp_topic_count":0,"_bbp_reply_count":0,"_bbp_total_topic_count":0,"_bbp_total_reply_count":0,"_bbp_voice_count":0,"_bbp_anonymous_reply_count":0,"_bbp_topic_count_hidden":0,"_bbp_reply_count_hidden":0,"_bbp_forum_subforum_count":0,"footnotes":""},"class_list":["post-866","page","type-page","status-publish","hentry"],"acf":[],"_links":{"self":[{"href":"https:\/\/elearning.vr-in-he.eu\/lv\/wp-json\/wp\/v2\/pages\/866","targetHints":{"allow":["GET"]}}],"collection":[{"href":"https:\/\/elearning.vr-in-he.eu\/lv\/wp-json\/wp\/v2\/pages"}],"about":[{"href":"https:\/\/elearning.vr-in-he.eu\/lv\/wp-json\/wp\/v2\/types\/page"}],"author":[{"embeddable":true,"href":"https:\/\/elearning.vr-in-he.eu\/lv\/wp-json\/wp\/v2\/users\/1"}],"replies":[{"embeddable":true,"href":"https:\/\/elearning.vr-in-he.eu\/lv\/wp-json\/wp\/v2\/comments?post=866"}],"version-history":[{"count":7,"href":"https:\/\/elearning.vr-in-he.eu\/lv\/wp-json\/wp\/v2\/pages\/866\/revisions"}],"predecessor-version":[{"id":1399,"href":"https:\/\/elearning.vr-in-he.eu\/lv\/wp-json\/wp\/v2\/pages\/866\/revisions\/1399"}],"wp:attachment":[{"href":"https:\/\/elearning.vr-in-he.eu\/lv\/wp-json\/wp\/v2\/media?parent=866"}],"curies":[{"name":"wp","href":"https:\/\/api.w.org\/{rel}","templated":true}]}}