{"id":1296,"date":"2022-11-14T10:30:01","date_gmt":"2022-11-14T10:30:01","guid":{"rendered":"https:\/\/elearning.vr-in-he.eu\/registration\/"},"modified":"2023-11-03T13:16:11","modified_gmt":"2023-11-03T13:16:11","slug":"registration","status":"publish","type":"page","link":"https:\/\/elearning.vr-in-he.eu\/lv\/registration\/","title":{"rendered":"Re\u0123istr\u0113\u0161an\u0101s"},"content":{"rendered":"<div class=\"learndash-wrap\">\n\t<div class=\"learndash-wrapper\">\n\n\t<div id=\"learndash-registration-wrapper\" >\n\n\t\n\t<p class=\"registration-login\">Jau esi re\u0123istr\u0113jies?  <a class=\"registration-login-link\" href=\"\">Ien\u0101kt\n\n<\/a>\n\n<\/p><div class=\"registration-login-form\" style=\"display: none;\"><form name=\"loginform\" id=\"loginform\" action=\"https:\/\/elearning.vr-in-he.eu\/lv\/wp-login.php\" method=\"post\"><input id=\"learndash-login-form\" type=\"hidden\" name=\"learndash-login-form\" value=\"bb8c719e89\" \/><p class=\"login-username\">\n\t\t\t\t<label for=\"user_login\">Lietot\u0101ja v\u0101rds vai epasta adrese\n\n<\/label>\n\t\t\t\t<input type=\"text\" name=\"log\" id=\"user_login\" autocomplete=\"username\" class=\"input\" value=\"\" size=\"20\" \/>\n\t\t\t<\/p><p class=\"login-password\">\n\t\t\t\t<label for=\"user_pass\">Parole\n\n<\/label>\n\t\t\t\t<input type=\"password\" name=\"pwd\" id=\"user_pass\" autocomplete=\"current-password\" spellcheck=\"false\" class=\"input\" value=\"\" size=\"20\" \/>\n\t\t\t<\/p><p class=\"login-remember\"><label><input name=\"rememberme\" type=\"checkbox\" id=\"rememberme\" value=\"forever\" \/> Atcer\u0113ties mani\n\n<\/label><\/p><p class=\"login-submit\">\n\t\t\t\t<input type=\"submit\" name=\"wp-submit\" id=\"wp-submit\" class=\"button button-primary\" value=\"Ien\u0101kt\n\n\" \/>\n\t\t\t\t<input type=\"hidden\" name=\"redirect_to\" value=\"https:\/\/elearning.vr-in-he.eu\/registration\/\" \/>\n\t\t\t<\/p><\/form><\/div><p class=\"show-password-reset-link\" style=\"display: none;\">Forgot password? <a href=\"https:\/\/elearning.vr-in-he.eu\/reset-password\/\">Click here to reset it.<\/a><\/p><p class=\"show-register-form\" style=\"display: none;\"><a href=\"\">Show registration form<\/a><\/p>\t\t\t\t<form name=\"learndash_registerform\" id=\"learndash_registerform\" class=\"ldregister\" action=\"https:\/\/elearning.vr-in-he.eu\/lv\/wp-login.php?action=register\" method=\"post\">\n\t\t\t\t<p class=\"learndash-registration-field learndash-registration-field-username learndash-required\"><label for=\"username\">Lietot\u0101ja v\u0101rds\n\n <span class=\"learndash-required-field\">*<\/span><\/label>\n\t\t\t\t\t\t<input aria-required=&quot;true&quot; type=\"text\" id=\"username\" name=\"user_login\" value=\"\" \/><\/p><p class=\"learndash-registration-field learndash-registration-field-email learndash-required\"><label for=\"email\">epasts <span class=\"learndash-required-field\">*<\/span><\/label>\n\t\t\t\t\t\t<input aria-required=&quot;true&quot; type=\"text\" id=\"email\" name=\"user_email\" value=\"\" \/><\/p><p class=\"learndash-registration-field learndash-registration-field-first_name learndash-required\"><label for=\"first_name\">V\u0101rds <span class=\"learndash-required-field\">*<\/span><\/label>\n\t\t\t\t\t\t<input aria-required=&quot;true&quot; type=\"text\" id=\"first_name\" name=\"first_name\" value=\"\" \/><\/p><p class=\"learndash-registration-field learndash-registration-field-last_name learndash-required\"><label for=\"last_name\">Uzv\u0101rds <span class=\"learndash-required-field\">*<\/span><\/label>\n\t\t\t\t\t\t<input aria-required=&quot;true&quot; type=\"text\" id=\"last_name\" name=\"last_name\" value=\"\" \/><\/p><p class=\"learndash-registration-field learndash-registration-field-password learndash-required\"><label for=\"password\">Parole\n\n <span class=\"learndash-required-field\">*<\/span><\/label>\n\t\t\t\t\t\t<input aria-required=&quot;true&quot; type=\"password\" id=\"password\" name=\"password\" value=\"\" \/><\/p><p class=\"learndash-registration-field learndash-registration-field-confirmpassword learndash-required\"><label for=\"confirm_password\">Paroles apstiprin\u0101\u0161ana\n\n <span class=\"learndash-required-field\">*<\/span><\/label><input aria-required=&quot;true&quot; type=\"password\" id=\"confirm_password\" name=\"confirm_password\" \/><\/p>\t<div id=\"acf-form-data\" class=\"acf-hidden\">\n\t\t<input type=\"hidden\" id=\"_acf_screen\" name=\"_acf_screen\" value=\"user\"\/><input type=\"hidden\" id=\"_acf_post_id\" name=\"_acf_post_id\" value=\"user_0\"\/><input type=\"hidden\" id=\"_acf_validation\" name=\"_acf_validation\" value=\"0\"\/><input type=\"hidden\" id=\"_acf_nonce\" name=\"_acf_nonce\" value=\"be98f71d5f\"\/><input type=\"hidden\" id=\"_acf_changed\" name=\"_acf_changed\" value=\"0\"\/>\t<\/div>\n\t<h2>User Fields<\/h2><div class=\"acf-user-register-fields acf-fields -clear\"><div class=\"acf-field acf-field-country acf-field-63722e70c035f is-required\" data-name=\"user_country\" data-type=\"country\" data-key=\"field_63722e70c035f\" data-required=\"1\">\n<div class=\"acf-label\">\n<label for=\"acf-field_63722e70c035f\">Country <span class=\"acf-required\">*<\/span><\/label><\/div>\n<div class=\"acf-input\">\n<input type=\"hidden\" id=\"acf-field_63722e70c035f-input\" name=\"acf[field_63722e70c035f]\"\/><select id=\"acf-field_63722e70c035f\" class=\"\" name=\"acf[field_63722e70c035f]\" data-ui=\"1\" data-ajax=\"0\" data-multiple=\"0\" data-placeholder=\"Select a country\" data-allow_null=\"0\"><option value=\"AF\">Afganist\u0101na<\/option><option value=\"AL\">Alb\u0101nija<\/option><option value=\"DZ\">Al\u017e\u012brija<\/option><option value=\"US\">Amerikas Savienot\u0101s Valstis<\/option><option value=\"AD\">Andora<\/option><option value=\"AI\">Angilja<\/option><option value=\"AO\">Angola<\/option><option value=\"AQ\">Antarktika<\/option><option value=\"AG\">Antigva un Barbuda<\/option><option value=\"GB\">Apvienot\u0101 Karaliste<\/option><option value=\"AE\">Apvienotie Ar\u0101bu Emir\u0101ti<\/option><option value=\"AR\">Argent\u012bna<\/option><option value=\"AM\">Arm\u0113nija<\/option><option value=\"AW\">Aruba<\/option><option value=\"UM\">ASV Maz\u0101s Aizj\u016bras salas<\/option><option value=\"AS\">ASV Samoa<\/option><option value=\"VI\">ASV Vird\u017e\u012bnas<\/option><option value=\"AU\">Austr\u0101lija<\/option><option value=\"AT\">Austrija<\/option><option value=\"TL\">Austrumtimora<\/option><option value=\"AZ\">Azerbaid\u017e\u0101na<\/option><option value=\"BS\">Bahamu salas<\/option><option value=\"BH\">Bahreina<\/option><option value=\"BY\">Baltkrievija<\/option><option value=\"BD\">Banglade\u0161a<\/option><option value=\"BB\">Barbadosa<\/option><option value=\"BZ\">Beliza<\/option><option value=\"BE\">Be\u013c\u0123ija<\/option><option value=\"BJ\">Benina<\/option><option value=\"BM\">Bermudu salas<\/option><option value=\"BO\">Bol\u012bvija<\/option><option value=\"BA\">Bosnija un Hercegovina<\/option><option value=\"BW\">Botsv\u0101na<\/option><option value=\"BR\">Braz\u012blija<\/option><option value=\"VG\">Britu Vird\u017e\u012bnas<\/option><option value=\"BN\">Bruneja<\/option><option value=\"BG\">Bulg\u0101rija<\/option><option value=\"BF\">Burkinafaso<\/option><option value=\"BI\">Burundija<\/option><option value=\"BT\">But\u0101na<\/option><option value=\"CF\">Centr\u0101l\u0101frikas Republika<\/option><option value=\"TD\">\u010cada<\/option><option value=\"CZ\">\u010cehija<\/option><option value=\"CL\">\u010c\u012ble<\/option><option value=\"DK\">D\u0101nija<\/option><option value=\"AC\">Debesbrauk\u0161anas sala<\/option><option value=\"ZA\">Dienvid\u0101frikas Republika<\/option><option value=\"GS\">Dienvidd\u017eord\u017eija un Dienvidsendvi\u010du salas<\/option><option value=\"KR\">Dienvidkoreja<\/option><option value=\"SS\">Dienvidsud\u0101na<\/option><option value=\"DG\">Djego Garsijas atols<\/option><option value=\"DM\">Dominika<\/option><option value=\"DO\">Dominik\u0101na<\/option><option value=\"JE\">D\u017e\u0113rsija<\/option><option value=\"DJ\">D\u017eibutija<\/option><option value=\"EG\">\u0112\u0123ipte<\/option><option value=\"EC\">Ekvadora<\/option><option value=\"GQ\">Ekvatori\u0101l\u0101 Gvineja<\/option><option value=\"ER\">Eritreja<\/option><option value=\"ET\">Etiopija<\/option><option value=\"FO\">F\u0113ru salas<\/option><option value=\"FJ\">Fid\u017ei<\/option><option value=\"PH\">Filip\u012bnas<\/option><option value=\"FK\">Folklenda salas<\/option><option value=\"FR\">Francija<\/option><option value=\"TF\">Francijas Dienvidj\u016bru teritorija<\/option><option value=\"GF\">Francijas Gvi\u0101na<\/option><option value=\"PF\">Francijas Polin\u0113zija<\/option><option value=\"GA\">Gabona<\/option><option value=\"GY\">Gaj\u0101na<\/option><option value=\"GM\">Gambija<\/option><option value=\"GH\">Gana<\/option><option value=\"GG\">G\u0113rnsija<\/option><option value=\"GI\">Gibralt\u0101rs<\/option><option value=\"GD\">Gren\u0101da<\/option><option value=\"GL\">Grenlande<\/option><option value=\"GR\">Grie\u0137ija<\/option><option value=\"GE\">Gruzija<\/option><option value=\"GU\">Guama<\/option><option value=\"GP\">Gvadelupa<\/option><option value=\"GT\">Gvatemala<\/option><option value=\"GN\">Gvineja<\/option><option value=\"GW\">Gvineja-Bisava<\/option><option value=\"HT\">Haiti<\/option><option value=\"HN\">Hondurasa<\/option><option value=\"HR\">Horv\u0101tija<\/option><option value=\"EE\">Igaunija<\/option><option value=\"IN\">Indija<\/option><option value=\"IO\">Indijas oke\u0101na Britu teritorija<\/option><option value=\"ID\">Indon\u0113zija<\/option><option value=\"IQ\">Ir\u0101ka<\/option><option value=\"IR\">Ir\u0101na<\/option><option value=\"IE\">\u012arija<\/option><option value=\"IS\">Islande<\/option><option value=\"IT\">It\u0101lija<\/option><option value=\"IL\">Izra\u0113la<\/option><option value=\"JM\">Jamaika<\/option><option value=\"JP\">Jap\u0101na<\/option><option value=\"NC\">Jaunkaledonija<\/option><option value=\"NZ\">Jaunz\u0113lande<\/option><option value=\"YE\">Jemena<\/option><option value=\"JO\">Jord\u0101nija<\/option><option value=\"CV\">Kaboverde<\/option><option value=\"KY\">Kaimanu salas<\/option><option value=\"KH\">Kambod\u017ea<\/option><option value=\"CM\">Kamer\u016bna<\/option><option value=\"CA\">Kan\u0101da<\/option><option value=\"IC\">Kan\u0101riju salas<\/option><option value=\"QA\">Katara<\/option><option value=\"KZ\">Kazahst\u0101na<\/option><option value=\"KE\">Kenija<\/option><option value=\"CY\">Kipra<\/option><option value=\"CW\">Kirasao<\/option><option value=\"KG\">Kirgizst\u0101na<\/option><option value=\"KI\">Kiribati<\/option><option value=\"CC\">Kokosu (K\u012blinga) salas<\/option><option value=\"CO\">Kolumbija<\/option><option value=\"KM\">Komoru salas<\/option><option value=\"CG\">Kongo (Brazavila)<\/option><option value=\"CD\">Kongo (Kin\u0161asa)<\/option><option value=\"XK\">Kosova<\/option><option value=\"CR\">Kostarika<\/option><option value=\"CI\">Kotdivu\u0101ra<\/option><option value=\"RU\">Krievija<\/option><option value=\"CU\">Kuba<\/option><option value=\"CK\">Kuka salas<\/option><option value=\"KW\">Kuveita<\/option><option value=\"CN\">\u0136\u012bna<\/option><option value=\"HK\">\u0136\u012bnas \u012bpa\u0161\u0101s p\u0101rvaldes apgabals Honkonga<\/option><option value=\"MO\">\u0136\u012bnas \u012bpa\u0161\u0101s p\u0101rvaldes apgabals Makao<\/option><option value=\"LA\">Laosa<\/option><option value=\"LV\">Latvija<\/option><option value=\"LS\">Lesoto<\/option><option value=\"LB\">Lib\u0101na<\/option><option value=\"LR\">Lib\u0113rija<\/option><option value=\"LY\">L\u012bbija<\/option><option value=\"LT\">Lietuva<\/option><option value=\"LI\">Lihten\u0161teina<\/option><option value=\"LU\">Luksemburga<\/option><option value=\"MG\">Madagaskara<\/option><option value=\"YT\">Majota<\/option><option value=\"MY\">Malaizija<\/option><option value=\"MW\">Mal\u0101vija<\/option><option value=\"MV\">Mald\u012bvija<\/option><option value=\"ML\">Mali<\/option><option value=\"MT\">Malta<\/option><option value=\"MA\">Maroka<\/option><option value=\"MH\">M\u0101r\u0161ala salas<\/option><option value=\"MQ\">Martinika<\/option><option value=\"MU\">Maur\u012bcija<\/option><option value=\"MR\">Maurit\u0101nija<\/option><option value=\"MX\">Meksika<\/option><option value=\"ME\">Melnkalne<\/option><option value=\"IM\">Mena<\/option><option value=\"FM\">Mikron\u0113zija<\/option><option value=\"MM\">Mjanma (Birma)<\/option><option value=\"MD\">Moldova<\/option><option value=\"MC\">Monako<\/option><option value=\"MN\">Mongolija<\/option><option value=\"MS\">Montserrata<\/option><option value=\"MZ\">Mozambika<\/option><option value=\"NA\">Nam\u012bbija<\/option><option value=\"NR\">Nauru<\/option><option value=\"NP\">Nep\u0101la<\/option><option value=\"NL\">N\u012bderlande<\/option><option value=\"BQ\">N\u012bderlandes Kar\u012bbu salas<\/option><option value=\"NE\">Nig\u0113ra<\/option><option value=\"NG\">Nig\u0113rija<\/option><option value=\"NI\">Nikaragva<\/option><option value=\"NU\">Niue<\/option><option value=\"NF\">Norfolkas sala<\/option><option value=\"NO\">Norv\u0113\u0123ija<\/option><option value=\"AX\">Olandes salas<\/option><option value=\"OM\">Om\u0101na<\/option><option value=\"PK\">Pakist\u0101na<\/option><option value=\"PW\">Palau<\/option><option value=\"PS\">Palest\u012bna<\/option><option value=\"PA\">Panama<\/option><option value=\"PG\">Papua-Jaungvineja<\/option><option value=\"PY\">Paragvaja<\/option><option value=\"PE\">Peru<\/option><option value=\"PN\">Pitk\u0113rnas salas<\/option><option value=\"PL\">Polija<\/option><option value=\"PT\">Portug\u0101le<\/option><option value=\"XB\">pseido-Bidi<\/option><option value=\"XA\">pseidoakcenti<\/option><option value=\"PR\">Puertoriko<\/option><option value=\"RE\">Reinjona<\/option><option value=\"EH\">Rietumsah\u0101ra<\/option><option value=\"RW\">Ruanda<\/option><option value=\"RO\">Rum\u0101nija<\/option><option value=\"SV\">Salvadora<\/option><option value=\"WS\">Samoa<\/option><option value=\"SM\">Sanmar\u012bno<\/option><option value=\"ST\">Santome un Prinsipi<\/option><option value=\"SA\">Sa\u016bda Ar\u0101bija<\/option><option value=\"SC\">Sei\u0161elu salas<\/option><option value=\"BL\">Senbartelm\u012b<\/option><option value=\"SN\">Seneg\u0101la<\/option><option value=\"MF\">Senmart\u0113na<\/option><option value=\"PM\">Senpj\u0113ra un Mikelona<\/option><option value=\"KN\">Sentkitsa un Nevisa<\/option><option value=\"LC\">Sentl\u016bsija<\/option><option value=\"VC\">Sentvinsenta un Grenad\u012bnas<\/option><option value=\"RS\">Serbija<\/option><option value=\"EA\">Se\u016bta un Melilja<\/option><option value=\"SG\">Singap\u016bra<\/option><option value=\"SX\">Sintm\u0101rtena<\/option><option value=\"SY\">S\u012brija<\/option><option value=\"SL\">Sjerraleone<\/option><option value=\"SK\">Slov\u0101kija<\/option><option value=\"SI\">Slov\u0113nija<\/option><option value=\"SO\">Som\u0101lija<\/option><option value=\"FI\">Somija<\/option><option value=\"ES\">Sp\u0101nija<\/option><option value=\"SD\">Sud\u0101na<\/option><option value=\"SR\">Surinama<\/option><option value=\"SH\">Sv.Hel\u0113nas sala<\/option><option value=\"SJ\">Svalb\u0101ra un Jana Majena sala<\/option><option value=\"SZ\">Svazilenda<\/option><option value=\"LK\">\u0160rilanka<\/option><option value=\"CH\">\u0160veice<\/option><option value=\"TJ\">Tad\u017eikist\u0101na<\/option><option value=\"TW\">Taiv\u0101na<\/option><option value=\"TH\">Taizeme<\/option><option value=\"TZ\">Tanz\u0101nija<\/option><option value=\"TC\">T\u0113rksas un Kaikosas salas<\/option><option value=\"TG\">Togo<\/option><option value=\"TK\">Tokelau<\/option><option value=\"TO\">Tonga<\/option><option value=\"TT\">Trinid\u0101da un Tob\u0101go<\/option><option value=\"TA\">Tristana da Ku\u0146as salas<\/option><option value=\"TN\">Tunisija<\/option><option value=\"TR\">Turcija<\/option><option value=\"TM\">Turkmenist\u0101na<\/option><option value=\"TV\">Tuvalu<\/option><option value=\"UG\">Uganda<\/option><option value=\"UA\">Ukraina<\/option><option value=\"HU\">Ung\u0101rija<\/option><option value=\"UY\">Urugvaja<\/option><option value=\"UZ\">Uzbekist\u0101na<\/option><option value=\"DE\">V\u0101cija<\/option><option value=\"VU\">Vanuatu<\/option><option value=\"VA\">Vatik\u0101ns<\/option><option value=\"VE\">Venecu\u0113la<\/option><option value=\"VN\">Vjetnama<\/option><option value=\"WF\">Volisa un Futunas salas<\/option><option value=\"SB\">Z\u0101lamana salas<\/option><option value=\"ZM\">Zambija<\/option><option value=\"KP\">Zieme\u013ckoreja<\/option><option value=\"MK\">Zieme\u013cma\u0137edonija<\/option><option value=\"MP\">Zieme\u013cu Marianas salas<\/option><option value=\"CX\">Ziemsv\u0113tku sala<\/option><option value=\"ZW\">Zimbabve<\/option><option value=\"SE\">Zviedrija<\/option><\/select><\/div>\n<\/div>\n<\/div>\t\t\t\t<input name=\"ld_register_id\" value=\"0\" type=\"hidden\" \/>\n\t\t\t\t<input type=\"hidden\" name=\"learndash-registration-form\" value=\"af9ae9de53\" \/>\n\t\t\t\t<input type=\"hidden\" name=\"redirect_to\" value=\"https:\/\/elearning.vr-in-he.eu\/lv\/registration\/?ld-registered=true&#038;ld_register_id=0\" \/>\n\t\t\t\t<p><input type=\"submit\" name=\"wp-submit\" id=\"wp-submit\" class=\"button button-primary button-large\" value=\"Re\u0123istr\u0113ties\n\n\" \/><\/p>\n\t\t\t<\/form>\n\t\t\t\t<\/div><\/div><\/div>","protected":false},"excerpt":{"rendered":"","protected":false},"author":1,"featured_media":0,"parent":0,"menu_order":0,"comment_status":"closed","ping_status":"closed","template":"","meta":{"_acf_changed":false,"_bbp_topic_count":0,"_bbp_reply_count":0,"_bbp_total_topic_count":0,"_bbp_total_reply_count":0,"_bbp_voice_count":0,"_bbp_anonymous_reply_count":0,"_bbp_topic_count_hidden":0,"_bbp_reply_count_hidden":0,"_bbp_forum_subforum_count":0,"footnotes":""},"class_list":["post-1296","page","type-page","status-publish","hentry"],"acf":[],"_links":{"self":[{"href":"https:\/\/elearning.vr-in-he.eu\/lv\/wp-json\/wp\/v2\/pages\/1296","targetHints":{"allow":["GET"]}}],"collection":[{"href":"https:\/\/elearning.vr-in-he.eu\/lv\/wp-json\/wp\/v2\/pages"}],"about":[{"href":"https:\/\/elearning.vr-in-he.eu\/lv\/wp-json\/wp\/v2\/types\/page"}],"author":[{"embeddable":true,"href":"https:\/\/elearning.vr-in-he.eu\/lv\/wp-json\/wp\/v2\/users\/1"}],"replies":[{"embeddable":true,"href":"https:\/\/elearning.vr-in-he.eu\/lv\/wp-json\/wp\/v2\/comments?post=1296"}],"version-history":[{"count":2,"href":"https:\/\/elearning.vr-in-he.eu\/lv\/wp-json\/wp\/v2\/pages\/1296\/revisions"}],"predecessor-version":[{"id":1363,"href":"https:\/\/elearning.vr-in-he.eu\/lv\/wp-json\/wp\/v2\/pages\/1296\/revisions\/1363"}],"wp:attachment":[{"href":"https:\/\/elearning.vr-in-he.eu\/lv\/wp-json\/wp\/v2\/media?parent=1296"}],"curies":[{"name":"wp","href":"https:\/\/api.w.org\/{rel}","templated":true}]}}