{"id":1294,"date":"2022-11-14T10:30:01","date_gmt":"2022-11-14T10:30:01","guid":{"rendered":"https:\/\/elearning.vr-in-he.eu\/registration\/"},"modified":"2023-11-03T13:15:17","modified_gmt":"2023-11-03T13:15:17","slug":"registration","status":"publish","type":"page","link":"https:\/\/elearning.vr-in-he.eu\/de\/registration\/","title":{"rendered":"Registrierung"},"content":{"rendered":"<div class=\"learndash-wrap\">\n\t<div class=\"learndash-wrapper\">\n\n\t<div id=\"learndash-registration-wrapper\" >\n\n\t\n\t<p class=\"registration-login\">Haben Sie bereits einen Account?  <a class=\"registration-login-link\" href=\"\">Login\n\n<\/a> <\/p><div class=\"registration-login-form\" style=\"display: none;\"><form name=\"loginform\" id=\"loginform\" action=\"https:\/\/elearning.vr-in-he.eu\/de\/wp-login.php\" method=\"post\"><input id=\"learndash-login-form\" type=\"hidden\" name=\"learndash-login-form\" value=\"bb8c719e89\" \/><p class=\"login-username\">\n\t\t\t\t<label for=\"user_login\">Benutzername oder E-Mail\n\n<\/label>\n\t\t\t\t<input type=\"text\" name=\"log\" id=\"user_login\" autocomplete=\"username\" class=\"input\" value=\"\" size=\"20\" \/>\n\t\t\t<\/p><p class=\"login-password\">\n\t\t\t\t<label for=\"user_pass\">Passwort\n\n<\/label>\n\t\t\t\t<input type=\"password\" name=\"pwd\" id=\"user_pass\" autocomplete=\"current-password\" spellcheck=\"false\" class=\"input\" value=\"\" size=\"20\" \/>\n\t\t\t<\/p><p class=\"login-remember\"><label><input name=\"rememberme\" type=\"checkbox\" id=\"rememberme\" value=\"forever\" \/> Eingaben merken\n\n<\/label><\/p><p class=\"login-submit\">\n\t\t\t\t<input type=\"submit\" name=\"wp-submit\" id=\"wp-submit\" class=\"button button-primary\" value=\"Login\n\n\" \/>\n\t\t\t\t<input type=\"hidden\" name=\"redirect_to\" value=\"https:\/\/elearning.vr-in-he.eu\/registration\/\" \/>\n\t\t\t<\/p><\/form><\/div><p class=\"show-password-reset-link\" style=\"display: none;\">Forgot password? <a href=\"https:\/\/elearning.vr-in-he.eu\/reset-password\/\">Click here to reset it.<\/a><\/p><p class=\"show-register-form\" style=\"display: none;\"><a href=\"\">Show registration form<\/a><\/p>\t\t\t\t<form name=\"learndash_registerform\" id=\"learndash_registerform\" class=\"ldregister\" action=\"https:\/\/elearning.vr-in-he.eu\/de\/wp-login.php?action=register\" method=\"post\">\n\t\t\t\t<p class=\"learndash-registration-field learndash-registration-field-username learndash-required\"><label for=\"username\">Benutzername\n\n <span class=\"learndash-required-field\">*<\/span><\/label>\n\t\t\t\t\t\t<input aria-required=&quot;true&quot; type=\"text\" id=\"username\" name=\"user_login\" value=\"\" \/><\/p><p class=\"learndash-registration-field learndash-registration-field-email learndash-required\"><label for=\"email\">E-Mail\n\n <span class=\"learndash-required-field\">*<\/span><\/label>\n\t\t\t\t\t\t<input aria-required=&quot;true&quot; type=\"text\" id=\"email\" name=\"user_email\" value=\"\" \/><\/p><p class=\"learndash-registration-field learndash-registration-field-first_name learndash-required\"><label for=\"first_name\">Vorname <span class=\"learndash-required-field\">*<\/span><\/label>\n\t\t\t\t\t\t<input aria-required=&quot;true&quot; type=\"text\" id=\"first_name\" name=\"first_name\" value=\"\" \/><\/p><p class=\"learndash-registration-field learndash-registration-field-last_name learndash-required\"><label for=\"last_name\">Nachname <span class=\"learndash-required-field\">*<\/span><\/label>\n\t\t\t\t\t\t<input aria-required=&quot;true&quot; type=\"text\" id=\"last_name\" name=\"last_name\" value=\"\" \/><\/p><p class=\"learndash-registration-field learndash-registration-field-password learndash-required\"><label for=\"password\">Passwort\n\n <span class=\"learndash-required-field\">*<\/span><\/label>\n\t\t\t\t\t\t<input aria-required=&quot;true&quot; type=\"password\" id=\"password\" name=\"password\" value=\"\" \/><\/p><p class=\"learndash-registration-field learndash-registration-field-confirmpassword learndash-required\"><label for=\"confirm_password\">Passwort best\u00e4tigen\n\n <span class=\"learndash-required-field\">*<\/span><\/label><input aria-required=&quot;true&quot; type=\"password\" id=\"confirm_password\" name=\"confirm_password\" \/><\/p>\t<div id=\"acf-form-data\" class=\"acf-hidden\">\n\t\t<input type=\"hidden\" id=\"_acf_screen\" name=\"_acf_screen\" value=\"user\"\/><input type=\"hidden\" id=\"_acf_post_id\" name=\"_acf_post_id\" value=\"user_0\"\/><input type=\"hidden\" id=\"_acf_validation\" name=\"_acf_validation\" value=\"0\"\/><input type=\"hidden\" id=\"_acf_nonce\" name=\"_acf_nonce\" value=\"be98f71d5f\"\/><input type=\"hidden\" id=\"_acf_changed\" name=\"_acf_changed\" value=\"0\"\/>\t<\/div>\n\t<h2>User Fields<\/h2><div class=\"acf-user-register-fields acf-fields -clear\"><div class=\"acf-field acf-field-country acf-field-63722e70c035f is-required\" data-name=\"user_country\" data-type=\"country\" data-key=\"field_63722e70c035f\" data-required=\"1\">\n<div class=\"acf-label\">\n<label for=\"acf-field_63722e70c035f\">Country <span class=\"acf-required\">*<\/span><\/label><\/div>\n<div class=\"acf-input\">\n<input type=\"hidden\" id=\"acf-field_63722e70c035f-input\" name=\"acf[field_63722e70c035f]\"\/><select id=\"acf-field_63722e70c035f\" class=\"\" name=\"acf[field_63722e70c035f]\" data-ui=\"1\" data-ajax=\"0\" data-multiple=\"0\" data-placeholder=\"Select a country\" data-allow_null=\"0\"><option value=\"AF\">Afghanistan<\/option><option value=\"EG\">\u00c4gypten<\/option><option value=\"AX\">\u00c5landinseln<\/option><option value=\"AL\">Albanien<\/option><option value=\"DZ\">Algerien<\/option><option value=\"AS\">Amerikanisch-Samoa<\/option><option value=\"VI\">Amerikanische Jungferninseln<\/option><option value=\"UM\">Amerikanische \u00dcberseeinseln<\/option><option value=\"AD\">Andorra<\/option><option value=\"AO\">Angola<\/option><option value=\"AI\">Anguilla<\/option><option value=\"AQ\">Antarktis<\/option><option value=\"AG\">Antigua und Barbuda<\/option><option value=\"GQ\">\u00c4quatorialguinea<\/option><option value=\"AR\">Argentinien<\/option><option value=\"AM\">Armenien<\/option><option value=\"AW\">Aruba<\/option><option value=\"AC\">Ascension<\/option><option value=\"AZ\">Aserbaidschan<\/option><option value=\"ET\">\u00c4thiopien<\/option><option value=\"AU\">Australien<\/option><option value=\"BS\">Bahamas<\/option><option value=\"BH\">Bahrain<\/option><option value=\"BD\">Bangladesch<\/option><option value=\"BB\">Barbados<\/option><option value=\"BY\">Belarus<\/option><option value=\"BE\">Belgien<\/option><option value=\"BZ\">Belize<\/option><option value=\"BJ\">Benin<\/option><option value=\"BM\">Bermuda<\/option><option value=\"BT\">Bhutan<\/option><option value=\"BO\">Bolivien<\/option><option value=\"BQ\">Bonaire, Sint Eustatius und Saba<\/option><option value=\"BA\">Bosnien und Herzegowina<\/option><option value=\"BW\">Botsuana<\/option><option value=\"BR\">Brasilien<\/option><option value=\"VG\">Britische Jungferninseln<\/option><option value=\"IO\">Britisches Territorium im Indischen Ozean<\/option><option value=\"BN\">Brunei Darussalam<\/option><option value=\"BG\">Bulgarien<\/option><option value=\"BF\">Burkina Faso<\/option><option value=\"BI\">Burundi<\/option><option value=\"CV\">Cabo Verde<\/option><option value=\"EA\">Ceuta und Melilla<\/option><option value=\"CL\">Chile<\/option><option value=\"CN\">China<\/option><option value=\"CK\">Cookinseln<\/option><option value=\"CR\">Costa Rica<\/option><option value=\"CI\">C\u00f4te d\u2019Ivoire<\/option><option value=\"CW\">Cura\u00e7ao<\/option><option value=\"DK\">D\u00e4nemark<\/option><option value=\"DE\">Deutschland<\/option><option value=\"DG\">Diego Garcia<\/option><option value=\"DM\">Dominica<\/option><option value=\"DO\">Dominikanische Republik<\/option><option value=\"DJ\">Dschibuti<\/option><option value=\"EC\">Ecuador<\/option><option value=\"SV\">El Salvador<\/option><option value=\"ER\">Eritrea<\/option><option value=\"EE\">Estland<\/option><option value=\"FK\">Falklandinseln<\/option><option value=\"FO\">F\u00e4r\u00f6er<\/option><option value=\"FJ\">Fidschi<\/option><option value=\"FI\">Finnland<\/option><option value=\"FR\">Frankreich<\/option><option value=\"GF\">Franz\u00f6sisch-Guayana<\/option><option value=\"PF\">Franz\u00f6sisch-Polynesien<\/option><option value=\"TF\">Franz\u00f6sische S\u00fcd- und Antarktisgebiete<\/option><option value=\"GA\">Gabun<\/option><option value=\"GM\">Gambia<\/option><option value=\"GE\">Georgien<\/option><option value=\"GH\">Ghana<\/option><option value=\"GI\">Gibraltar<\/option><option value=\"GD\">Grenada<\/option><option value=\"GR\">Griechenland<\/option><option value=\"GL\">Gr\u00f6nland<\/option><option value=\"GP\">Guadeloupe<\/option><option value=\"GU\">Guam<\/option><option value=\"GT\">Guatemala<\/option><option value=\"GG\">Guernsey<\/option><option value=\"GN\">Guinea<\/option><option value=\"GW\">Guinea-Bissau<\/option><option value=\"GY\">Guyana<\/option><option value=\"HT\">Haiti<\/option><option value=\"HN\">Honduras<\/option><option value=\"IN\">Indien<\/option><option value=\"ID\">Indonesien<\/option><option value=\"IQ\">Irak<\/option><option value=\"IR\">Iran<\/option><option value=\"IE\">Irland<\/option><option value=\"IS\">Island<\/option><option value=\"IM\">Isle of Man<\/option><option value=\"IL\">Israel<\/option><option value=\"IT\">Italien<\/option><option value=\"JM\">Jamaika<\/option><option value=\"JP\">Japan<\/option><option value=\"YE\">Jemen<\/option><option value=\"JE\">Jersey<\/option><option value=\"JO\">Jordanien<\/option><option value=\"KY\">Kaimaninseln<\/option><option value=\"KH\">Kambodscha<\/option><option value=\"CM\">Kamerun<\/option><option value=\"CA\">Kanada<\/option><option value=\"IC\">Kanarische Inseln<\/option><option value=\"KZ\">Kasachstan<\/option><option value=\"QA\">Katar<\/option><option value=\"KE\">Kenia<\/option><option value=\"KG\">Kirgisistan<\/option><option value=\"KI\">Kiribati<\/option><option value=\"CC\">Kokosinseln<\/option><option value=\"CO\">Kolumbien<\/option><option value=\"KM\">Komoren<\/option><option value=\"CG\">Kongo-Brazzaville<\/option><option value=\"CD\">Kongo-Kinshasa<\/option><option value=\"XK\">Kosovo<\/option><option value=\"HR\">Kroatien<\/option><option value=\"CU\">Kuba<\/option><option value=\"KW\">Kuwait<\/option><option value=\"LA\">Laos<\/option><option value=\"LS\">Lesotho<\/option><option value=\"LV\">Lettland<\/option><option value=\"LB\">Libanon<\/option><option value=\"LR\">Liberia<\/option><option value=\"LY\">Libyen<\/option><option value=\"LI\">Liechtenstein<\/option><option value=\"LT\">Litauen<\/option><option value=\"LU\">Luxemburg<\/option><option value=\"MG\">Madagaskar<\/option><option value=\"MW\">Malawi<\/option><option value=\"MY\">Malaysia<\/option><option value=\"MV\">Malediven<\/option><option value=\"ML\">Mali<\/option><option value=\"MT\">Malta<\/option><option value=\"MA\">Marokko<\/option><option value=\"MH\">Marshallinseln<\/option><option value=\"MQ\">Martinique<\/option><option value=\"MR\">Mauretanien<\/option><option value=\"MU\">Mauritius<\/option><option value=\"YT\">Mayotte<\/option><option value=\"MX\">Mexiko<\/option><option value=\"FM\">Mikronesien<\/option><option value=\"MC\">Monaco<\/option><option value=\"MN\">Mongolei<\/option><option value=\"ME\">Montenegro<\/option><option value=\"MS\">Montserrat<\/option><option value=\"MZ\">Mosambik<\/option><option value=\"MM\">Myanmar<\/option><option value=\"NA\">Namibia<\/option><option value=\"NR\">Nauru<\/option><option value=\"NP\">Nepal<\/option><option value=\"NC\">Neukaledonien<\/option><option value=\"NZ\">Neuseeland<\/option><option value=\"NI\">Nicaragua<\/option><option value=\"NL\">Niederlande<\/option><option value=\"NE\">Niger<\/option><option value=\"NG\">Nigeria<\/option><option value=\"NU\">Niue<\/option><option value=\"KP\">Nordkorea<\/option><option value=\"MP\">N\u00f6rdliche Marianen<\/option><option value=\"MK\">Nordmazedonien<\/option><option value=\"NF\">Norfolkinsel<\/option><option value=\"NO\">Norwegen<\/option><option value=\"OM\">Oman<\/option><option value=\"AT\">\u00d6sterreich<\/option><option value=\"PK\">Pakistan<\/option><option value=\"PS\">Pal\u00e4stinensische Autonomiegebiete<\/option><option value=\"PW\">Palau<\/option><option value=\"PA\">Panama<\/option><option value=\"PG\">Papua-Neuguinea<\/option><option value=\"PY\">Paraguay<\/option><option value=\"PE\">Peru<\/option><option value=\"PH\">Philippinen<\/option><option value=\"PN\">Pitcairninseln<\/option><option value=\"PL\">Polen<\/option><option value=\"PT\">Portugal<\/option><option value=\"XA\">Pseudo-Accents<\/option><option value=\"XB\">Pseudo-Bidi<\/option><option value=\"PR\">Puerto Rico<\/option><option value=\"MD\">Republik Moldau<\/option><option value=\"RE\">R\u00e9union<\/option><option value=\"RW\">Ruanda<\/option><option value=\"RO\">Rum\u00e4nien<\/option><option value=\"RU\">Russland<\/option><option value=\"SB\">Salomonen<\/option><option value=\"ZM\">Sambia<\/option><option value=\"WS\">Samoa<\/option><option value=\"SM\">San Marino<\/option><option value=\"ST\">S\u00e3o Tom\u00e9 und Pr\u00edncipe<\/option><option value=\"SA\">Saudi-Arabien<\/option><option value=\"SE\">Schweden<\/option><option value=\"CH\">Schweiz<\/option><option value=\"SN\">Senegal<\/option><option value=\"RS\">Serbien<\/option><option value=\"SC\">Seychellen<\/option><option value=\"SL\">Sierra Leone<\/option><option value=\"ZW\">Simbabwe<\/option><option value=\"SG\">Singapur<\/option><option value=\"SX\">Sint Maarten<\/option><option value=\"SK\">Slowakei<\/option><option value=\"SI\">Slowenien<\/option><option value=\"SO\">Somalia<\/option><option value=\"HK\">Sonderverwaltungsregion Hongkong<\/option><option value=\"MO\">Sonderverwaltungsregion Macau<\/option><option value=\"ES\">Spanien<\/option><option value=\"SJ\">Spitzbergen und Jan Mayen<\/option><option value=\"LK\">Sri Lanka<\/option><option value=\"BL\">St. Barth\u00e9lemy<\/option><option value=\"SH\">St. Helena<\/option><option value=\"KN\">St. Kitts und Nevis<\/option><option value=\"LC\">St. Lucia<\/option><option value=\"MF\">St. Martin<\/option><option value=\"PM\">St. Pierre und Miquelon<\/option><option value=\"VC\">St. Vincent und die Grenadinen<\/option><option value=\"ZA\">S\u00fcdafrika<\/option><option value=\"SD\">Sudan<\/option><option value=\"GS\">S\u00fcdgeorgien und die S\u00fcdlichen Sandwichinseln<\/option><option value=\"KR\">S\u00fcdkorea<\/option><option value=\"SS\">S\u00fcdsudan<\/option><option value=\"SR\">Suriname<\/option><option value=\"SZ\">Swasiland<\/option><option value=\"SY\">Syrien<\/option><option value=\"TJ\">Tadschikistan<\/option><option value=\"TW\">Taiwan<\/option><option value=\"TZ\">Tansania<\/option><option value=\"TH\">Thailand<\/option><option value=\"TL\">Timor-Leste<\/option><option value=\"TG\">Togo<\/option><option value=\"TK\">Tokelau<\/option><option value=\"TO\">Tonga<\/option><option value=\"TT\">Trinidad und Tobago<\/option><option value=\"TA\">Tristan da Cunha<\/option><option value=\"TD\">Tschad<\/option><option value=\"CZ\">Tschechien<\/option><option value=\"TN\">Tunesien<\/option><option value=\"TR\">T\u00fcrkei<\/option><option value=\"TM\">Turkmenistan<\/option><option value=\"TC\">Turks- und Caicosinseln<\/option><option value=\"TV\">Tuvalu<\/option><option value=\"UG\">Uganda<\/option><option value=\"UA\">Ukraine<\/option><option value=\"HU\">Ungarn<\/option><option value=\"UY\">Uruguay<\/option><option value=\"UZ\">Usbekistan<\/option><option value=\"VU\">Vanuatu<\/option><option value=\"VA\">Vatikanstadt<\/option><option value=\"VE\">Venezuela<\/option><option value=\"AE\">Vereinigte Arabische Emirate<\/option><option value=\"US\">Vereinigte Staaten<\/option><option value=\"GB\">Vereinigtes K\u00f6nigreich<\/option><option value=\"VN\">Vietnam<\/option><option value=\"WF\">Wallis und Futuna<\/option><option value=\"CX\">Weihnachtsinsel<\/option><option value=\"EH\">Westsahara<\/option><option value=\"CF\">Zentralafrikanische Republik<\/option><option value=\"CY\">Zypern<\/option><\/select><\/div>\n<\/div>\n<\/div>\t\t\t\t<input name=\"ld_register_id\" value=\"0\" type=\"hidden\" \/>\n\t\t\t\t<input type=\"hidden\" name=\"learndash-registration-form\" value=\"af9ae9de53\" \/>\n\t\t\t\t<input type=\"hidden\" name=\"redirect_to\" value=\"https:\/\/elearning.vr-in-he.eu\/de\/registration\/?ld-registered=true&#038;ld_register_id=0\" \/>\n\t\t\t\t<p><input type=\"submit\" name=\"wp-submit\" id=\"wp-submit\" class=\"button button-primary button-large\" value=\"Registrieren\" \/><\/p>\n\t\t\t<\/form>\n\t\t\t\t<\/div><\/div><\/div>","protected":false},"excerpt":{"rendered":"","protected":false},"author":1,"featured_media":0,"parent":0,"menu_order":0,"comment_status":"closed","ping_status":"closed","template":"","meta":{"_acf_changed":false,"_bbp_topic_count":0,"_bbp_reply_count":0,"_bbp_total_topic_count":0,"_bbp_total_reply_count":0,"_bbp_voice_count":0,"_bbp_anonymous_reply_count":0,"_bbp_topic_count_hidden":0,"_bbp_reply_count_hidden":0,"_bbp_forum_subforum_count":0,"footnotes":""},"class_list":["post-1294","page","type-page","status-publish","hentry"],"acf":[],"_links":{"self":[{"href":"https:\/\/elearning.vr-in-he.eu\/de\/wp-json\/wp\/v2\/pages\/1294","targetHints":{"allow":["GET"]}}],"collection":[{"href":"https:\/\/elearning.vr-in-he.eu\/de\/wp-json\/wp\/v2\/pages"}],"about":[{"href":"https:\/\/elearning.vr-in-he.eu\/de\/wp-json\/wp\/v2\/types\/page"}],"author":[{"embeddable":true,"href":"https:\/\/elearning.vr-in-he.eu\/de\/wp-json\/wp\/v2\/users\/1"}],"replies":[{"embeddable":true,"href":"https:\/\/elearning.vr-in-he.eu\/de\/wp-json\/wp\/v2\/comments?post=1294"}],"version-history":[{"count":2,"href":"https:\/\/elearning.vr-in-he.eu\/de\/wp-json\/wp\/v2\/pages\/1294\/revisions"}],"predecessor-version":[{"id":1361,"href":"https:\/\/elearning.vr-in-he.eu\/de\/wp-json\/wp\/v2\/pages\/1294\/revisions\/1361"}],"wp:attachment":[{"href":"https:\/\/elearning.vr-in-he.eu\/de\/wp-json\/wp\/v2\/media?parent=1294"}],"curies":[{"name":"wp","href":"https:\/\/api.w.org\/{rel}","templated":true}]}}